{"id":95,"date":"2022-12-30T14:18:54","date_gmt":"2022-12-30T13:18:54","guid":{"rendered":"https:\/\/iudesp.es\/?page_id=95"},"modified":"2023-07-26T12:54:07","modified_gmt":"2023-07-26T10:54:07","slug":"estudios-de-la-paz","status":"publish","type":"page","link":"https:\/\/iudesp.es\/va\/unidades-de-investigacion\/estudios-de-la-paz\/","title":{"rendered":"Estudis de la Pau"},"content":{"rendered":"\n<figure class=\"wp-block-image aligncenter size-large is-style-default\"><img decoding=\"async\" src=\"https:\/\/iudesp.es\/va\/wp-content\/uploads\/2022\/12\/demonstration_med-1.jpeg\" alt=\"gente\"\/><\/figure>\n\n\n\n<p>La relaci\u00f3 establida entre pobresa, desigualtat i viol\u00e8ncia (que apareix fins i tot en bibliografia publicada pel Banc Mundial) fa que els estudis del desenvolupament social porten als estudis de la pau.&nbsp;<\/p>\n\n\n\n<p>La&nbsp;<em>Peace Research<\/em>&nbsp;o els&nbsp;<em>Peace Studies<\/em> tenen una llarga tradici\u00f3 als Estats Units i alguns pa\u00efsos europeus, en particular en els n\u00f2rdics. En l&#8217;evoluci\u00f3 de la disciplina, el paper predominant que van tenir els enfocaments propis de les relacions internacionals en temps de Guerra Freda ha sigut substitu\u00eft, en la mesura en qu\u00e8 el nombre de conflictes intra-estatals ha crescut de manera notable, per enfocaments que tenen m\u00e9s a veure amb l&#8217;antropologia, la hist\u00f2ria, la sociologia o les ci\u00e8ncies econ\u00f2miques. En general, aquest tipus d&#8217;investigaci\u00f3 s&#8217;ocupa dels contextos socials, culturals i econ\u00f2mics de la viol\u00e8ncia (tant directa com estructural i cultural) i cerca els mitjans d&#8217;actuar sobre ells (mesures preventives) sense per aix\u00f2 rebutjar les mesures pal\u00b7liatives.&nbsp; <\/p>\n\n\n\n<p>Les seues principals l\u00ednies d&#8217;investigaci\u00f3 s\u00f3n:<\/p>\n\n\n\n<ul class=\"wp-block-list\">\n<li>Finalitats, processos i indicadors de la pau<\/li>\n\n\n\n<li>Viol\u00e8ncia Directa<\/li>\n\n\n\n<li>Viol\u00e8ncia Cultural<\/li>\n\n\n\n<li>Viol\u00e8ncia Estructural<a id=\"arriba\"><\/a><\/li>\n<\/ul>\n\n\n\n<p><a href=\"#lineas\">L\u00ednies de treball<\/a>&nbsp;&nbsp;<a href=\"#personal\">Membres<\/a><\/p>\n\n\n\n<p><a id=\"lineas\"><\/a><\/p>\n\n\n\n<p class=\"has-large-font-size\"><strong>L\u00ednies de treball<\/strong><\/p>\n\n\n\n<p><strong>Finalitats, processos i indicadors de la pau.<\/strong><\/p>\n\n\n\n<p>El treball dels investigadors\/as del IUDESP s&#8217;ha anat desenvolupant amb una s\u00f2lida fonamentaci\u00f3 en l&#8217;an\u00e0lisi epistemol\u00f2gica (filos\u00f2fic, antropol\u00f2gic i sociol\u00f2gic) dels estudis i investigacions per a la pau i la transformaci\u00f3 de conflictes, sent una unitat de treball de refer\u00e8ncia la C\u00e0tedra UNESCO de Filosofia per a la Pau i la Filosofia per a la Pau de Vicent Mart\u00ednez Guzm\u00e1n.&nbsp;<\/p>\n\n\n\n<p>Entres aquests reptes es troba l&#8217;ampliaci\u00f3 i estudi del concepte de pau, l&#8217;an\u00e0lisi dels processos que porten a ella i de les bones pr\u00e0ctiques en resoluci\u00f3 de conflictes i enumeraci\u00f3 dels indicadors a utilitzar per a establir l&#8217;avan\u00e7 o reculada davant situacions violentes espec\u00edfiques. Inducci\u00f3 a partir dels casos disponibles o significatius.<\/p>\n\n\n\n<p>Part dels llibres publicats referent a aix\u00f2 han seguit la l\u00ednia tra\u00e7ada per Johan Galtung, en particular les seues aportacions entorn de l&#8217;anomenat &#8220;m\u00e8tode Transcend&#8221;, grup al qual pertanyen alguns membres de l&#8217;equip.<\/p>\n\n\n\n<p><strong>Viol\u00e8ncia Directa<\/strong><\/p>\n\n\n\n<p>Estudi de les diferents formes que presenta la viol\u00e8ncia f\u00edsica entre individus, grups i Estats. Actors, motius, objectius i mitjans.<\/p>\n\n\n\n<p>\u2192 Viol\u00e8ncia contra les dones, viol\u00e8ncia de g\u00e8nere, viol\u00e8ncia dom\u00e8stica.<\/p>\n\n\n\n<p>S\u00f3n diversos fen\u00f2mens que tenen en com\u00fa el que l&#8217;objecte de la viol\u00e8ncia s\u00f3n els vulnerables en cadascun dels contextos. Es tracta, no tant de quantificar la seua exist\u00e8ncia, sin\u00f3 de comprendre la seua l\u00f2gica i plantejar alternatives i mitjans per a reduir el seu impacte.<\/p>\n\n\n\n<p>S&#8217;ha analitzat a trav\u00e9s d&#8217;enquestes i entrevistes directes, la manera amb el qual els estereotips i la situaci\u00f3 de vulnerabilitat per part de la dona influeixen en els fets violents contra aquesta siga accidentalment, pel fet de ser dona o per estar inclosa en la unitat dom\u00e8stica familiar. S&#8217;ha dedicat una tesi doctoral al tema.<\/p>\n\n\n\n<p>\u2192&nbsp;Viol\u00e8ncia de motivaci\u00f3 pol\u00edtica i religiosa.<\/p>\n\n\n\n<p>Cobreix fen\u00f2mens molt diversos com el terrorisme (que inclou el terrorisme d&#8217;Estat) o la guerrilla, les causes i els processos de la qual cal entendre.<\/p>\n\n\n\n<p>S&#8217;ha produ\u00eft an\u00e0lisi sobre el cas basc publicats en revistes especialitzades o com a part de llibres d&#8217;un nom\u00e9s autor o col\u00b7lectius i estudis sobre les relacions al Mediterrani.<\/p>\n\n\n\n<p><strong>Viol\u00e8ncia Cultural<\/strong><\/p>\n\n\n\n<p>Com les idees i els s\u00edmbols influeixen en el comportament violent legitimant-lo o produint-lo i quines alternatives es poden proposar. La viol\u00e8ncia cultural tamb\u00e9 \u00e9s denominada viol\u00e8ncia simb\u00f2lica.<\/p>\n\n\n\n<p>\u2192&nbsp;El paper dels mitjans en la construcci\u00f3 de la identitat i la viol\u00e8ncia.<\/p>\n\n\n\n<p>Els mitjans de comunicaci\u00f3 s\u00f3n un dels camins mitjan\u00e7ant els quals es transmet la motivaci\u00f3 a la viol\u00e8ncia o la seua explicaci\u00f3. En les seues diverses formes (teoria de l&#8217;agenda, influ\u00e8ncia a dos passos, presentaci\u00f3 de models de comportament) intervenen en la viol\u00e8ncia directa i, abans, en la creaci\u00f3 o fian\u00e7ament d&#8217;identitats.<\/p>\n\n\n\n<p>Les tesis han partit de la hip\u00f2tesi de Johan Galtung sobre com la desigualtat entre pa\u00efsos porta a la difer\u00e8ncia de reflex en els mitjans i s&#8217;ha ampliat al problema de les not\u00edcies (dos llibres) &nbsp;i, en particular, a com els mitjans estatunidencs han reflectit els avatars de la guerra de l&#8217;Iraq (tres articles).<\/p>\n\n\n\n<p>\u2192&nbsp;Els nacionalismes.<\/p>\n\n\n\n<p>Apareixen com a viol\u00e8ncia simb\u00f2lica i tenen una relaci\u00f3 clara amb la viol\u00e8ncia directa tant en la seua forma de nacionalismes sense Estat com en la de nacionalismes amb Estat. Es tracta de comprendre els seus or\u00edgens i funcionament. Les tesis sobre el cas basc estan encara en curs, per\u00f2 s&#8217;ha produ\u00eft material sobre altres nacionalismes tant supra-estatals com a estatals o sub-estatals amb llibres propis i en col\u00b7laboraci\u00f3.Aquesta reflexi\u00f3 cultural sobre l&#8217;esfera p\u00fablica s&#8217;ha abordat des de l&#8217;educaci\u00f3 per a la pau i per al desenvolupament, la comunicaci\u00f3 &nbsp;per a la cooperaci\u00f3 al desenvolupament i el paper dels discursos p\u00fablics per a una cultura de pau (construcci\u00f3 de pau i societat civil -espec\u00edficament el Tercer Sector i els majors-). S&#8217;ha vinculat a m\u00e9s a la reflexi\u00f3 estil\u00edstica sobre les formes narratives i creatives dels productes culturals, sobretot en l&#8217;\u00e0mbit audiovisual (cinema, televisi\u00f3\u2026) i concretament el publicitari, i els seus efectes en la societat. A m\u00e9s, han sigut un \u00e0mbit espec\u00edfic d&#8217;investigaci\u00f3 tamb\u00e9 els reptes i dificultats del canvi estable de valors (identitat, enfocament psicosocial i comunicaci\u00f3). Aquesta traject\u00f2ria deriva en una s\u00e8rie de l\u00ednies de treball en Comunicaci\u00f3 per a la pau i la solidaritat; G\u00e8nere i \u00e8tica de la cura i Educaci\u00f3 per a la Pau.<\/p>\n\n\n\n<p><\/p>\n\n\n\n<p><strong>Viol\u00e8ncia Estructural<\/strong><\/p>\n\n\n\n<p>An\u00e0lisi dels conflictes que subjauen a la viol\u00e8ncia directa, amb especial \u00e8mfasi en les maneres no-violents de superar-los, resoldre&#8217;ls o transcendir-los. La viol\u00e8ncia estructural tamb\u00e9 rep el nom de viol\u00e8ncia institucionalitzada.<\/p>\n\n\n\n<p>\u2192&nbsp;La viol\u00e8ncia estructural entre categories socials (classe, g\u00e8nere, \u00e8tnia, naci\u00f3)<\/p>\n\n\n\n<p>Dins de la sociologia del conflicte, mereix particular atenci\u00f3 l&#8217;estudi d&#8217;aquells conflictes que s&#8217;estabilitzen al llarg del temps i tenen com a guanyador, habitualment, a una de les parts amb detriment sistem\u00e0tic de l&#8217;altra.<\/p>\n\n\n\n<p>\u2192&nbsp;La viol\u00e8ncia estructural centre-perif\u00e8ria<\/p>\n\n\n\n<p>\u00c9s per a alguns la viol\u00e8ncia estructural m\u00e9s important i es relaciona, d&#8217;una banda, amb les q\u00fcestions del desenvolupament i, per un altre, amb les de la viol\u00e8ncia directa en forma d&#8217;intervenci\u00f3 i reacci\u00f3.&nbsp;Per aquest motiu el IUDESP aborde l\u00ednies de treball com la Transformaci\u00f3 de Conflictes i l&#8217;Economia alternativa i la sostenibilitat, relacionada ja tamb\u00e9 amb la resta d&#8217;unitats d&#8217;investigaci\u00f3.<\/p>\n\n\n\n<p><a href=\"#arriba\">\u2191 amunt<\/a><\/p>\n\n\n\n<p class=\"has-large-font-size\" id=\"personal\"><strong>Membres<\/strong><\/p>\n\n\n\n<p><strong>Coordinadors:<\/strong>&nbsp;<a href=\"https:\/\/www.uji.es\/departaments\/com\/base\/estructura\/personal\/?p_departamento=2502&amp;p_profesor=1213\" data-type=\"URL\" data-id=\"https:\/\/www.uji.es\/departaments\/com\/base\/estructura\/personal\/?p_departamento=2502&amp;p_profesor=1213\">NOS ALD\u00c1S, Elo\u00edsa<\/a><\/p>\n\n\n\n<p><strong>Membres:<\/strong><br><a href=\"https:\/\/www.uji.es\/departaments\/com\/base\/estructura\/personal?p_departamento=95&amp;p_profesor=60166\">AGUT GARCIA, Mar\u00eda Carmen<\/a>\u00a0<br><a href=\"https:\/\/www.uji.es\/departaments\/com\/base\/estructura\/personal\/?urlRedirect=http:\/\/www.uji.es\/departaments\/com\/base\/estructura\/personal\/&amp;url=\/departaments\/com\/base\/estructura\/personal&amp;p_departamento=2503&amp;p_profesor=86955\" data-type=\"URL\" data-id=\"https:\/\/www.uji.es\/departaments\/com\/base\/estructura\/personal\/?urlRedirect=http:\/\/www.uji.es\/departaments\/com\/base\/estructura\/personal\/&amp;url=\/departaments\/com\/base\/estructura\/personal&amp;p_departamento=2503&amp;p_profesor=86955\">ALFAGEME CHAO, Alfredo<\/a><br><a href=\"https:\/\/www.uji.es\/departaments\/com\/base\/estructura\/personal\/?urlRedirect=http:\/\/www.uji.es\/departaments\/com\/base\/estructura\/personal\/&amp;url=\/departaments\/com\/base\/estructura\/personal\/&amp;p_departamento=97&amp;p_profesor=65428\">BALLESTER ARNAL, Rafael<\/a><br><a href=\"https:\/\/www.uji.es\/departaments\/com\/base\/estructura\/personal\/?p_departamento=2502&amp;p_profesor=65401\" data-type=\"URL\" data-id=\"https:\/\/www.uji.es\/departaments\/com\/base\/estructura\/personal\/?p_departamento=2502&amp;p_profesor=65401\">BENET FERRANDO, Vicente Jos\u00e9<\/a><br><a href=\"https:\/\/www.uji.es\/departaments\/com\/base\/estructura\/personal\/?p_departamento=84&amp;p_profesor=117500\">CABEDO MAS, Alberto<\/a><br><a href=\"https:\/\/www.uji.es\/departaments\/com\/base\/estructura\/personal\/?p_departamento=96&amp;p_profesor=65266\">CLEMENTE ESTEVAN, Rosa Ana<\/a><br><a href=\"https:\/\/www.uji.es\/departaments\/com\/base\/estructura\/personal\/?p_departamento=2503&amp;p_profesor=6326\">COMINS MIGOL, Irene<\/a><br>E<a href=\"https:\/\/www.uji.es\/departaments\/com\/base\/estructura\/personal\/?p_departamento=102&amp;p_profesor=149293\">SCRIG OLMEDO, Elena<\/a><br><a href=\"http:\/\/Universitat Jaume I (uji.es)\">FERN\u00c1NDEZ IZQUIERDO, Mar\u00eda \u00c1ngeles<\/a><br><a href=\"https:\/\/www.uji.es\/departaments\/com\/base\/estructura\/personal\/?p_departamento=102&amp;p_profesor=136861\">FERRERO FERRERO, Idoya<\/a><br>FRANCISCO AMAT, Andrea<br><a href=\"http:\/\/Universitat Jaume I (uji.es)\">G\u00c1MEZ FUENTES, Mar\u00eda Jos\u00e9<\/a><br><a href=\"http:\/\/Universitat Jaume I (uji.es)\">IRANZO MONTES, Luis Amador<\/a><br><a href=\"http:\/\/Universitat Jaume I (uji.es)\">LOZANO ESTIVALIS, Mar\u00eda<\/a><br><a href=\"https:\/\/cvnet.cpd.ua.es\/curriculum-breve\/es\/marin-ramos-esther\/13148\" data-type=\"URL\" data-id=\"https:\/\/cvnet.cpd.ua.es\/curriculum-breve\/es\/marin-ramos-esther\/13148\">MAR\u00cdN RAMOS, Esther<\/a><br><a href=\"http:\/\/Universitat Jaume I (uji.es)\">MOLINER MIRAVET, Mar\u00eda Lid\u00f3n<\/a><br><a href=\"http:\/\/Universitat Jaume I (uji.es)\">MU\u00d1OZ TORRES, Mar\u00eda Jes\u00fas<\/a><br>MURPHY, Jennifer Marie<br><a href=\"https:\/\/www.uji.es\/departaments\/com\/base\/estructura\/personal\/?p_departamento=2503&amp;p_profesor=20849\" data-type=\"URL\" data-id=\"https:\/\/www.uji.es\/departaments\/com\/base\/estructura\/personal\/?p_departamento=2503&amp;p_profesor=20849\">PAR\u00cdS ALBERT, Sonia<\/a><br><a href=\"https:\/\/www.uji.es\/departaments\/com\/base\/estructura\/personal\/?p_departamento=96&amp;p_profesor=55812\">PINAZO CALATAYUD, Daniel<\/a><br><a href=\"https:\/\/www.uji.es\/departaments\/com\/base\/estructura\/personal\/?p_departamento=99&amp;p_profesor=65228\">RAGA GIMENO, Francisco Jos\u00e9<\/a><br><a href=\"https:\/\/www.uji.es\/departaments\/com\/base\/estructura\/personal\/?p_departamento=102&amp;p_profesor=7730\">RIVERA LIRIO, Juana Mar\u00eda<\/a><br><a href=\"https:\/\/www.uji.es\/departaments\/com\/base\/estructura\/personal\/?p_departamento=84&amp;p_profesor=65534\">SALES CIGES, Mar\u00eda Auxiliadora<\/a><br><a href=\"https:\/\/www.uji.es\/departaments\/com\/base\/estructura\/personal\/?p_departamento=2503&amp;p_profesor=64892\">SEGU\u00cd COSME, Salvador<\/a><\/p>\n\n\n\n<p><a href=\"#arriba\">\u2191 amunt<\/a><\/p>\n\n\n\n<p><\/p>\n","protected":false},"excerpt":{"rendered":"<p>La relaci\u00f3 establida entre pobresa, desigualtat i viol\u00e8ncia (que apareix fins i tot en bibliografia publicada pel Banc Mundial) fa que els estudis del desenvolupament social porten als estudis de la pau.&nbsp; La&nbsp;Peace Research&nbsp;o els&nbsp;Peace Studies tenen una llarga tradici\u00f3 als Estats Units i alguns pa\u00efsos europeus, en particular en els n\u00f2rdics. En l&#8217;evoluci\u00f3 de [&hellip;]<\/p>\n","protected":false},"author":1,"featured_media":0,"parent":60,"menu_order":1,"comment_status":"closed","ping_status":"closed","template":"","meta":{"footnotes":""},"class_list":["post-95","page","type-page","status-publish","hentry"],"_links":{"self":[{"href":"https:\/\/iudesp.es\/va\/wp-json\/wp\/v2\/pages\/95","targetHints":{"allow":["GET"]}}],"collection":[{"href":"https:\/\/iudesp.es\/va\/wp-json\/wp\/v2\/pages"}],"about":[{"href":"https:\/\/iudesp.es\/va\/wp-json\/wp\/v2\/types\/page"}],"author":[{"embeddable":true,"href":"https:\/\/iudesp.es\/va\/wp-json\/wp\/v2\/users\/1"}],"replies":[{"embeddable":true,"href":"https:\/\/iudesp.es\/va\/wp-json\/wp\/v2\/comments?post=95"}],"version-history":[{"count":3,"href":"https:\/\/iudesp.es\/va\/wp-json\/wp\/v2\/pages\/95\/revisions"}],"predecessor-version":[{"id":587,"href":"https:\/\/iudesp.es\/va\/wp-json\/wp\/v2\/pages\/95\/revisions\/587"}],"up":[{"embeddable":true,"href":"https:\/\/iudesp.es\/va\/wp-json\/wp\/v2\/pages\/60"}],"wp:attachment":[{"href":"https:\/\/iudesp.es\/va\/wp-json\/wp\/v2\/media?parent=95"}],"curies":[{"name":"wp","href":"https:\/\/api.w.org\/{rel}","templated":true}]}}