{"id":6,"date":"2022-12-27T10:56:12","date_gmt":"2022-12-27T10:56:12","guid":{"rendered":"https:\/\/iudesp.es\/?page_id=6"},"modified":"2023-01-25T20:24:49","modified_gmt":"2023-01-25T19:24:49","slug":"presentacion","status":"publish","type":"page","link":"https:\/\/iudesp.es\/va\/presentacion\/","title":{"rendered":"Presentaci\u00f3"},"content":{"rendered":"\n<p><strong>L&#8217;Institut Interuniversitari de Desenvolupament Social i Pau (IUDESP)<\/strong> es forma amb la finalitat de desenvolupar recerca i doc\u00e8ncia sobre temes relacionats amb la pau i el desenvolupament en les seues definicions m\u00e9s \u00e0mplies. Els fen\u00f2mens de viol\u00e8ncia directa (origen i prevenci\u00f3 de conflictes inter i intraestatals; viol\u00e8ncia de g\u00e8nere); la viol\u00e8ncia estructural (desigualtat, pobresa i just\u00edcia social) i la viol\u00e8ncia cultural (cultura i educaci\u00f3 per a la pau, multiculturalitat, viol\u00e8ncia i mitjans de comunicaci\u00f3) s\u00f3n les principals l\u00ednies de recerca del grup. Tot aix\u00f2 tenint la perspectiva de g\u00e8nere com a transversal. Per dur a terme la seua activitat l&#8217;Institut est\u00e0 estructurat a partir de sis \u00e0rees: Estudis de pau, An\u00e0lisi estructural i din\u00e0miques de canvi, Pol\u00edtiques p\u00fabliques i intervenci\u00f3 social, Elecci\u00f3 social i benestar, Pobresa i exclusi\u00f3 social i Desenvolupament social, democr\u00e0cia i diversitat .<\/p>\n\n\n\n<figure class=\"wp-block-image aligncenter size-full is-style-default\"><a href=\"https:\/\/www.washingtonpost.com\/wp-srv\/photo\/world\/iraq\/2002-12-12\/7.htm\"><img loading=\"lazy\" decoding=\"async\" width=\"430\" height=\"289\" src=\"https:\/\/iudesp.es\/va\/wp-content\/uploads\/2022\/12\/07-1.jpg\" alt=\"\" class=\"wp-image-8\" srcset=\"https:\/\/iudesp.es\/va\/wp-content\/uploads\/2022\/12\/07-1.jpg 430w, https:\/\/iudesp.es\/va\/wp-content\/uploads\/2022\/12\/07-1-300x202.jpg 300w\" sizes=\"auto, (max-width: 430px) 100vw, 430px\" \/><\/a><\/figure>\n\n\n\n<p class=\"has-text-align-center\">Fotografia de <a rel=\"noreferrer noopener\" href=\"https:\/\/www.washingtonpost.com\/wp-srv\/photo\/world\/iraq\/2002-12-12\/7.htm\" data-type=\"URL\" data-id=\"https:\/\/www.washingtonpost.com\/wp-srv\/photo\/world\/iraq\/2002-12-12\/7.htm\" target=\"_blank\">Michael Robinson-Chavez<\/a><\/p>\n\n\n\n<p>L&#8217;Institut est\u00e0 format per investigadors i investigadores de diferents disciplines (Sociologia, Treball Social, Economia, Hist\u00f2ria, Literatura, Educaci\u00f3, Comunicaci\u00f3, Filosofia).<\/p>\n\n\n\n<p><strong>Origen de l&#8217;Institut<\/strong><\/p>\n\n\n\n<p>L&#8217;Institut es constitueix el 2006 a partir de la converg\u00e8ncia de tres unitats de recerca que desenvolupen la seua activitat des del 1995 a la Universitat d&#8217;Alacant: el Grup d&#8217;Estudis de Pau i Desenvolupament (<a rel=\"noreferrer noopener\" href=\"http:\/\/rua.ua.es\/dspace\/handle\/10045\/1627\" data-type=\"URL\" data-id=\"http:\/\/rua.ua.es\/dspace\/handle\/10045\/1627\" target=\"_blank\">GEPYD<\/a>), l&#8217;Observatori Europeu de Tend\u00e8ncies Socials (<a rel=\"noreferrer noopener\" href=\"http:\/\/obets.ua.es\/obets\/\" data-type=\"URL\" data-id=\"obets.ua.es\/obets\/\" target=\"_blank\">OBETS<\/a>) i el grup Desenvolupament Hum\u00e0 i Pol\u00edtiques Socials (DHUPOS). L&#8217;any 2010 es transforma en Institut Interuniversitari amb dues seus: Universitat Jaume I de Castell\u00f3 i Universitat d&#8217;Alacant. La seu de Castell\u00f3 compta amb la C\u00e0tedra UNESCO de Filosofia per a la Pau des de 1999 i imparteix des de 1996 a la Universitat Jaume I de Castell\u00f3 (UJI) els t\u00edtols oficials de <a rel=\"noreferrer noopener\" href=\"http:\/\/www.iudesp.uji.es\/SedeUJI\/actividades-formativas\/master-2\/\" data-type=\"URL\" data-id=\"http:\/\/www.iudesp.uji.es\/SedeUJI\/actividades-formativas\/master-2\/\" target=\"_blank\">M\u00e0ster Universitari<\/a> i <a rel=\"noreferrer noopener\" href=\"https:\/\/www.uji.es\/estudis\/oferta\/base\/doctorat\/actual\/pau\/?idioma=es\" data-type=\"URL\" data-id=\"https:\/\/www.uji.es\/estudis\/oferta\/base\/doctorat\/actual\/pau\/?idioma=es\" target=\"_blank\">Doctorat en Estudis Internacionals de Pau, Conflictes i Desenvolupament<\/a> (amb menci\u00f3 vers l&#8217;excel\u00b7l\u00e8ncia del Ministeri d&#8217;Educaci\u00f3). En la formaci\u00f3 d&#8217;aquests dos t\u00edtols, que s&#8217;imparteixen en angl\u00e8s i espanyol, hi participen estudiants de tots els continents i professorat de les institucions acad\u00e8miques nacionals i internacionals m\u00e9s prestigioses. S&#8217;han format m\u00e9s de 1000 estudiants procedents de m\u00e9s de 115 pa\u00efsos, per la qual cosa tenen un car\u00e0cter internacional, intercultural i interdisciplinari.<\/p>\n\n\n\n<p><strong>Valors<\/strong><\/p>\n\n\n\n<p>L&#8217;IUDESP introdueix a la seua activitat la transmissi\u00f3 dels valors de pau, solidaritat i diversitat entre les persones, les cultures i els pobles; contribuint en la seua tasca al desenvolupament dels drets humans, la defensa de la just\u00edcia social i la protecci\u00f3 del medi ambient. Per aix\u00f2, entre els seus objectius tamb\u00e9 hi est\u00e0 la divulgaci\u00f3 de coneixements cap a la societat; i el comprom\u00eds i el treball per la transformaci\u00f3 d&#8217;aquesta cap a les finalitats apuntades anteriorment.<\/p>\n\n\n\n<p><strong>Relacions Institucionals i projecci\u00f3 internacional<\/strong><\/p>\n\n\n\n<p>L&#8217;Institut est\u00e0 integrat a la Asociaci\u00f3n Espa\u00f1ola de Investigaci\u00f3n para la Paz (<a href=\"https:\/\/aipaz.org\/\" data-type=\"URL\" data-id=\"https:\/\/aipaz.org\/\">AIPAZ<\/a>), de la qual n&#8217;\u00e9s membre fundador.<\/p>\n\n\n\n<figure class=\"wp-block-image aligncenter size-full\"><img loading=\"lazy\" decoding=\"async\" width=\"229\" height=\"153\" src=\"https:\/\/iudesp.es\/va\/wp-content\/uploads\/2022\/12\/iudesp2-300x200_med.jpeg\" alt=\"\" class=\"wp-image-225\"\/><\/figure>\n\n\n\n<p>L&#8217;IUDESP estableix relacions amb altres centres semblants dins i fora d&#8217;Espanya, entre d&#8217;altres:  la Escola de Cultura de Pau de la Univ. Aut\u00f3noma de Barcelona; el Seminario de Investigaci\u00f3n para la Paz de la Universitat de Zaragoza; la Maestr\u00eda de Paz y Desarrollo de la Universidad Aut\u00f3noma del Estado de M\u00e9xico; la Universidad de Cuenca, Ecuador; la C\u00e1tedra UNESCO de Estudios de la Paz\u00a0<em>(UNESCO Chair for Peace Studies)<\/em>\u00a0de la Universitat d&#8217;Innsbruck d&#8217;\u00c0ustria,\u00a0la Universidad de la Paz de Naciones Unidas (UPEACE) de Costa Rica,\u00a0i el <em>Centre for Dialogue<\/em>\u00a0de la Trobe University a Melbourne, Austr\u00e0lia.<\/p>\n\n\n\n<p>L&#8217;Institut va ser designat com a Centre Col\u00b7laborador de l&#8217;Organitzaci\u00f3 Mundial de la Salut en mat\u00e8ria d&#8217;Inclusi\u00f3 Social i Salut (<em>WHO Collaboraing Centre on Social Inclusion and Health<\/em>).<\/p>\n","protected":false},"excerpt":{"rendered":"<p>L&#8217;Institut Interuniversitari de Desenvolupament Social i Pau (IUDESP) es forma amb la finalitat de desenvolupar recerca i doc\u00e8ncia sobre temes relacionats amb la pau i el desenvolupament en les seues definicions m\u00e9s \u00e0mplies. Els fen\u00f2mens de viol\u00e8ncia directa (origen i prevenci\u00f3 de conflictes inter i intraestatals; viol\u00e8ncia de g\u00e8nere); la viol\u00e8ncia estructural (desigualtat, pobresa i [&hellip;]<\/p>\n","protected":false},"author":1,"featured_media":0,"parent":0,"menu_order":1,"comment_status":"closed","ping_status":"closed","template":"","meta":{"footnotes":""},"class_list":["post-6","page","type-page","status-publish","hentry"],"_links":{"self":[{"href":"https:\/\/iudesp.es\/va\/wp-json\/wp\/v2\/pages\/6","targetHints":{"allow":["GET"]}}],"collection":[{"href":"https:\/\/iudesp.es\/va\/wp-json\/wp\/v2\/pages"}],"about":[{"href":"https:\/\/iudesp.es\/va\/wp-json\/wp\/v2\/types\/page"}],"author":[{"embeddable":true,"href":"https:\/\/iudesp.es\/va\/wp-json\/wp\/v2\/users\/1"}],"replies":[{"embeddable":true,"href":"https:\/\/iudesp.es\/va\/wp-json\/wp\/v2\/comments?post=6"}],"version-history":[{"count":0,"href":"https:\/\/iudesp.es\/va\/wp-json\/wp\/v2\/pages\/6\/revisions"}],"wp:attachment":[{"href":"https:\/\/iudesp.es\/va\/wp-json\/wp\/v2\/media?parent=6"}],"curies":[{"name":"wp","href":"https:\/\/api.w.org\/{rel}","templated":true}]}}