{"id":128,"date":"2022-12-30T18:54:41","date_gmt":"2022-12-30T17:54:41","guid":{"rendered":"https:\/\/iudesp.es\/?page_id=128"},"modified":"2025-05-19T13:05:56","modified_gmt":"2025-05-19T11:05:56","slug":"contacto","status":"publish","type":"page","link":"https:\/\/iudesp.es\/va\/contacto\/","title":{"rendered":"Contacte"},"content":{"rendered":"\n<p><strong>IUDESP &#8211; Institut Interuniversitari de Desenvolupament Social i Pau<\/strong><\/p>\n\n\n\n<figure class=\"wp-block-table\"><table><tbody><tr><td><br><strong>Seu Alacant<\/strong>\u00a0<br><a href=\"https:\/\/www.google.es\/maps\/@38.383397,-0.5145466,17z\">IUDESP &#8211; Universitat d&#8217;Alacant<\/a><br>Edifici de Ci\u00e8ncies Socials<br>Ctra. San Vicente del Raspeig, s\/n,<br>03690, Sant Vicent del Raspeig-Alacant<br><br>Tel\u00e8fon: (34) 965 90 98 80<br>Fax: (34) 965 90 97 69<br>mail:\u00a0<a href=\"mailto:iudesp@ua.es\">iudesp@ua.es<\/a><br><br><em>Director: Jos\u00e9 Alcalde P\u00e9rez<br>Secretari: Francisco Franc\u00e9s Garc\u00eda<\/em><br><\/td><td><strong>Seu Castell\u00f3<\/strong>&nbsp;<br><a href=\"http:\/\/Avinguda de Vicent Sos Baynat, s\/n, 12006 Castell\u00f3 de la Plana, Castell\u00f3, Espa\u00f1a\">IUDESP &#8211; Universitat Jaume I<\/a><br>Oficines de la C\u00e0tedra UNESCO&nbsp;<br>de Filosofia per a la Pau<br>Avinguda de Vicent Sos Banyat s\/n&nbsp;<br>12071 Castell\u00f3n, Espa\u00f1a<br><br>Tel\u00e8fon:(34) 964729380<br>Fax: (34) 964729385<br>mail:&nbsp;<a href=\"mailto:iudesp@uji.es\">iudesp@uji.es<\/a><br><br><em>Directora: Mar\u00eda Jes\u00fas Mu\u00f1oz-Torres<br>Secretaria: <\/em>Alessandra Farn\u00e9<\/td><\/tr><\/tbody><\/table><\/figure>\n","protected":false},"excerpt":{"rendered":"<p>IUDESP &#8211; Institut Interuniversitari de Desenvolupament Social i Pau Seu Alacant\u00a0IUDESP &#8211; Universitat d&#8217;AlacantEdifici de Ci\u00e8ncies SocialsCtra. San Vicente del Raspeig, s\/n,03690, Sant Vicent del Raspeig-Alacant Tel\u00e8fon: (34) 965 90 98 80Fax: (34) 965 90 97 69mail:\u00a0iudesp@ua.es Director: Jos\u00e9 Alcalde P\u00e9rezSecretari: Francisco Franc\u00e9s Garc\u00eda Seu Castell\u00f3&nbsp;IUDESP &#8211; Universitat Jaume IOficines de la C\u00e0tedra UNESCO&nbsp;de Filosofia [&hellip;]<\/p>\n","protected":false},"author":1,"featured_media":0,"parent":0,"menu_order":5,"comment_status":"closed","ping_status":"closed","template":"","meta":{"footnotes":""},"class_list":["post-128","page","type-page","status-publish","hentry"],"_links":{"self":[{"href":"https:\/\/iudesp.es\/va\/wp-json\/wp\/v2\/pages\/128","targetHints":{"allow":["GET"]}}],"collection":[{"href":"https:\/\/iudesp.es\/va\/wp-json\/wp\/v2\/pages"}],"about":[{"href":"https:\/\/iudesp.es\/va\/wp-json\/wp\/v2\/types\/page"}],"author":[{"embeddable":true,"href":"https:\/\/iudesp.es\/va\/wp-json\/wp\/v2\/users\/1"}],"replies":[{"embeddable":true,"href":"https:\/\/iudesp.es\/va\/wp-json\/wp\/v2\/comments?post=128"}],"version-history":[{"count":8,"href":"https:\/\/iudesp.es\/va\/wp-json\/wp\/v2\/pages\/128\/revisions"}],"predecessor-version":[{"id":830,"href":"https:\/\/iudesp.es\/va\/wp-json\/wp\/v2\/pages\/128\/revisions\/830"}],"wp:attachment":[{"href":"https:\/\/iudesp.es\/va\/wp-json\/wp\/v2\/media?parent=128"}],"curies":[{"name":"wp","href":"https:\/\/api.w.org\/{rel}","templated":true}]}}