{"id":119,"date":"2022-12-30T18:40:30","date_gmt":"2022-12-30T17:40:30","guid":{"rendered":"https:\/\/iudesp.es\/?page_id=119"},"modified":"2023-07-26T12:50:43","modified_gmt":"2023-07-26T10:50:43","slug":"investigadores-visitantes","status":"publish","type":"page","link":"https:\/\/iudesp.es\/va\/investigadores-visitantes\/","title":{"rendered":"Visitants"},"content":{"rendered":"\n<h2 class=\"wp-block-heading has-large-font-size\">Investigadors visitants<\/h2>\n\n\n\n<figure class=\"wp-block-image alignleft size-large\"><img decoding=\"async\" src=\"https:\/\/iudesp.es\/va\/wp-content\/uploads\/2022\/12\/2243540719_d9b1d7ebf1_o_med.jpeg\" alt=\"\"\/><\/figure>\n\n\n\n<p>El IUDESP ofereix la possibilitat de realitzar\u00a0estades d&#8217;investigaci\u00f3\u00a0a persones procedents d&#8217;altres centres nacionals i estrangers. Els qui desitgen realitzar una estada hauran d&#8217;emplenar l&#8217;impr\u00e8s de sol\u00b7licitud adjunt (veure a baix) i enviar-ho per correu electr\u00f2nic a la secretaria de la Seu IUDESP triada, al costat d&#8217;una versi\u00f3 actualitzada del Curr\u00edculum vitae i, en el cas d&#8217;investigadors\/as predoctorals, una carta amb el vistiplau del centre d&#8217;origen.<\/p>\n\n\n\n<ul class=\"wp-block-list\">\n<li>Seu Castell\u00f3:&nbsp;<a href=\"mailto:epd@uji.es?subject=Solicitud%20estancia\">epd@uji.es<\/a><\/li>\n\n\n\n<li>Seu Alacant:&nbsp;<a href=\"mailto:iudesp@ua.es?subject=Solicitud%20estancia\">iudesp@ua.es<\/a><\/li>\n<\/ul>\n\n\n\n<p>La sol\u00b7licitud haur\u00e0 d&#8217;estar avalada per un\/a membre de l&#8217;Institut (veure l\u00ednies de treball en&nbsp;<a href=\"https:\/\/iudesp.es\/va\/unidades-de-investigacion\/\" data-type=\"page\" data-id=\"60\" target=\"_blank\" rel=\"noreferrer noopener\">Unitats d&#8217;Investigaci\u00f3<\/a>). El IUDESP no adquireix cap comprom\u00eds de remuneraci\u00f3 per l&#8217;estada. Igualment, no corre amb les despeses de viatge, asseguran\u00e7a m\u00e8dica, allotjament i manutenci\u00f3, ni amb qualsevol altre derivat de l&#8217;estada.<\/p>\n\n\n\n<p>Descarregar formulari para estances d&#8217;investigaci\u00f3<br><strong>\u00b7<\/strong>&nbsp;<a href=\"https:\/\/iudesp.es\/va\/wp-content\/uploads\/2022\/12\/sol-est-inv-iudesp.docx\" data-type=\"attachment\" data-id=\"152\">Espanyol<\/a>&nbsp;(13.2 KB)<br><strong>\u00b7<\/strong>&nbsp;<a href=\"https:\/\/iudesp.es\/va\/wp-content\/uploads\/2022\/12\/sol-est-inv-en-iudesp.docx\" data-type=\"attachment\" data-id=\"151\">Angl\u00e8s<\/a>&nbsp;(13.5 KB)<\/p>\n\n\n\n<h2 class=\"wp-block-heading has-large-font-size\">Pr\u00e0ctiques d&#8217;estudiants<\/h2>\n\n\n\n<figure class=\"wp-block-image alignright size-large\"><img decoding=\"async\" src=\"https:\/\/iudesp.es\/va\/wp-content\/uploads\/2022\/12\/magnifying-glass-68204_640_med.jpeg\" alt=\"\"\/><\/figure>\n\n\n\n<p>L&#8217;Estudiantat que desitge realitzar una&nbsp;estada en pr\u00e0ctiques&nbsp;haura d&#8217;emplenar l&#8217;impr\u00e8s de sol\u00b7licitud adjunt (veure a baix) i enviar-ho per correu electr\u00f2nic, junt amb una versi\u00f3 actualitzada del seu Curriculum vitae, a la secretaria de la Seu IUDESP triada. A m\u00e9s, aquesta sol\u00b7licitud ha d&#8217;anar acompanyada d&#8217;una carta de recomanaci\u00f3 del centre d&#8217;origen que justifique la idone\u00eftat de l&#8217;estada en pr\u00e0ctiques en l&#8217;IUDESP per a la formaci\u00f3 de la persona sol\u00b7licitant.<\/p>\n\n\n\n<ul class=\"wp-block-list\">\n<li>Seu Castell\u00f3:&nbsp;<a href=\"mailto:epd@uji.es?subject=Solicitud%20estancia\">epd@uji.es<\/a><\/li>\n\n\n\n<li>Seu Alacant:&nbsp;<a href=\"mailto:iudesp@ua.es?subject=Solicitud%20estancia\">iudesp@ua.es<\/a><\/li>\n<\/ul>\n\n\n\n<p><strong>INFORMACI\u00d3 ADDICIONAL<\/strong>: Per a estades en pr\u00e0ctiques d&#8217;estudiants es requereix l&#8217;exist\u00e8ncia pr\u00e8via d&#8217;un conveni entre la universitat a la qual pertany l&#8217;estudiantat i la universitat receptora. \u00c9s necessari, a m\u00e9s, que un membre del IUDESP es responsabilitze de la tutoritzaci\u00f3 (veure, en el seu cas,&nbsp;<a href=\"https:\/\/iudesp.es\/va\/unidades-de-investigacion\/\" data-type=\"page\" data-id=\"60\" target=\"_blank\" rel=\"noreferrer noopener\">Unitats d&#8217;Investigaci\u00f3<\/a> per a un contacte previ). El IUDESP no adquireix cap comprom\u00eds de remuneraci\u00f3 per l&#8217;estada. Igualment, no corre amb les despeses de viatge, asseguran\u00e7a m\u00e8dica, allotjament i manutenci\u00f3, ni amb qualsevol altre derivat de l&#8217;estada.&nbsp;<br><br>Descarregar formulari per a estades en pr\u00e0ctiques<br><strong>\u00b7<\/strong>&nbsp;<a href=\"https:\/\/iudesp.es\/va\/wp-content\/uploads\/2022\/12\/sol-est-prac-iudesp.docx\" data-type=\"attachment\" data-id=\"150\">Espanyol<\/a>&nbsp;(13.5 KB)<br><strong>\u00b7<\/strong>&nbsp;<a href=\"https:\/\/iudesp.es\/va\/wp-content\/uploads\/2022\/12\/sol-est-prac-en-iudesp.docx\" data-type=\"attachment\" data-id=\"149\">Angl\u00e8s<\/a>&nbsp;(13.6 KB)<\/p>\n","protected":false},"excerpt":{"rendered":"<p>Investigadors visitants El IUDESP ofereix la possibilitat de realitzar\u00a0estades d&#8217;investigaci\u00f3\u00a0a persones procedents d&#8217;altres centres nacionals i estrangers. Els qui desitgen realitzar una estada hauran d&#8217;emplenar l&#8217;impr\u00e8s de sol\u00b7licitud adjunt (veure a baix) i enviar-ho per correu electr\u00f2nic a la secretaria de la Seu IUDESP triada, al costat d&#8217;una versi\u00f3 actualitzada del Curr\u00edculum vitae i, en [&hellip;]<\/p>\n","protected":false},"author":1,"featured_media":0,"parent":0,"menu_order":4,"comment_status":"closed","ping_status":"closed","template":"","meta":{"footnotes":""},"class_list":["post-119","page","type-page","status-publish","hentry"],"_links":{"self":[{"href":"https:\/\/iudesp.es\/va\/wp-json\/wp\/v2\/pages\/119","targetHints":{"allow":["GET"]}}],"collection":[{"href":"https:\/\/iudesp.es\/va\/wp-json\/wp\/v2\/pages"}],"about":[{"href":"https:\/\/iudesp.es\/va\/wp-json\/wp\/v2\/types\/page"}],"author":[{"embeddable":true,"href":"https:\/\/iudesp.es\/va\/wp-json\/wp\/v2\/users\/1"}],"replies":[{"embeddable":true,"href":"https:\/\/iudesp.es\/va\/wp-json\/wp\/v2\/comments?post=119"}],"version-history":[{"count":1,"href":"https:\/\/iudesp.es\/va\/wp-json\/wp\/v2\/pages\/119\/revisions"}],"predecessor-version":[{"id":581,"href":"https:\/\/iudesp.es\/va\/wp-json\/wp\/v2\/pages\/119\/revisions\/581"}],"wp:attachment":[{"href":"https:\/\/iudesp.es\/va\/wp-json\/wp\/v2\/media?parent=119"}],"curies":[{"name":"wp","href":"https:\/\/api.w.org\/{rel}","templated":true}]}}