{"id":110,"date":"2022-12-30T18:29:10","date_gmt":"2022-12-30T17:29:10","guid":{"rendered":"https:\/\/iudesp.es\/?page_id=110"},"modified":"2024-07-22T12:53:00","modified_gmt":"2024-07-22T10:53:00","slug":"politicas-publicas-e-intervencion-social","status":"publish","type":"page","link":"https:\/\/iudesp.es\/va\/unidades-de-investigacion\/politicas-publicas-e-intervencion-social\/","title":{"rendered":"Pol\u00edtiques p\u00fabliques i intervenci\u00f3 social"},"content":{"rendered":"\n<p><a id=\"arriba\"><\/a><\/p>\n\n\n\n<figure class=\"wp-block-image aligncenter size-large\"><img decoding=\"async\" src=\"https:\/\/iudesp.es\/va\/wp-content\/uploads\/2022\/12\/people-world-map_med-1.png\" alt=\"\"\/><\/figure>\n\n\n\n<p><a href=\"#lineas\">L\u00ednies de treball<\/a>&nbsp;&nbsp;<a href=\"#personal\">Membres<\/a>&nbsp;&nbsp;<a href=\"#publicaciones\">\u00daltimes publicacions<\/a>&nbsp;<a id=\"lineas\"><\/a><\/p>\n\n\n\n<p class=\"has-large-font-size\"><strong>L\u00ednies de treball<\/strong><\/p>\n\n\n\n<p>La unitat d&#8217;investigaci\u00f3 \u201cPol\u00edtiques p\u00fabliques i intervenci\u00f3 social\u201d del IUDESP aglutina i desenvolupa les seg\u00fcents l\u00ednies d&#8217;investigaci\u00f3:<\/p>\n\n\n\n<p><strong>Desenvolupament, canvi social i Treball Social global<\/strong><\/p>\n\n\n\n<p>Relaci\u00f3 entre l&#8217;Agenda Global per al Treball Social i el Desenvolupament Social i la pr\u00e0ctica professional. Desenvolupament social, drets humans i dignitat humana com a principals aspectes i compromisos \u00e8tics disciplinaris; la perspectiva comparada en el Treball Social internacional i global; Objectius de Desenvolupament Sostenible (ODS) i Treball Social.<\/p>\n\n\n\n<p><strong>M\u00e8todes i t\u00e8cniques d&#8217;investigaci\u00f3 per a la intervenci\u00f3 i el diagn\u00f2stic social<\/strong><\/p>\n\n\n\n<p>Eines de producci\u00f3 i an\u00e0lisi d&#8217;informaci\u00f3 per a la intervenci\u00f3 social i la sistematitzaci\u00f3 de la pr\u00e0ctica social. Metodologies qualitatives i quantitatives. An\u00e0lisi de dades estructurades, text, documents i material audiovisual.<\/p>\n\n\n\n<p><strong>Treball Social i pol\u00edtiques socials inclusives<\/strong><\/p>\n\n\n\n<p>Incid\u00e8ncia del Treball Social en les pol\u00edtiques socials. An\u00e0lisi de la relaci\u00f3 entre les pol\u00edtiques socials p\u00fabliques inclusives i el Treball Social. Models i propostes d&#8217;incid\u00e8ncia en les pol\u00edtiques socials p\u00fabliques.<\/p>\n\n\n\n<p><strong>Disseny, implementaci\u00f3, seguiment<\/strong> <strong>i avaluaci\u00f3 de les pol\u00edtiques socials p\u00fabliques<\/strong><\/p>\n\n\n\n<p>Marc general d&#8217;an\u00e0lisi de les pol\u00edtiques socials des de l&#8217;enfocament del Treball Social. Eines, t\u00e8cniques i metodologies per al disseny, implementaci\u00f3, seguiment i avaluaci\u00f3 de les pol\u00edtiques socials p\u00fabliques.<\/p>\n\n\n\n<p><strong>Ensenyament\/aprenentatge del Treball Social i de les pol\u00edtiques socials<\/strong><\/p>\n\n\n\n<p>Proc\u00e9s d&#8217;ensenyament-aprenentatge dels drets humans, pol\u00edtiques socials inclusives i Treball Social.<\/p>\n\n\n\n<p><strong>Els objectius d&#8217;aquesta unitat,<\/strong> a m\u00e9s de compartir els objectius generals definits per l&#8217;IUDESP, se centre en:<\/p>\n\n\n\n<p>&#8211; Formaci\u00f3<\/p>\n\n\n\n<p>&#8211; Captaci\u00f3 de recursos dels plans I+D+i competitius<\/p>\n\n\n\n<p>&#8211; Difusi\u00f3  de resultats d&#8217;investigaci\u00f3<\/p>\n\n\n\n<p>&#8211; Transfer\u00e8ncia i incid\u00e8ncia en les pol\u00edtiques socials<\/p>\n\n\n\n<p><a id=\"personal\" href=\"#arriba\"><strong>\u2191 amunt<\/strong><\/a><\/p>\n\n\n\n<p class=\"has-large-font-size\"><strong>Membres<\/strong><\/p>\n\n\n\n<p><strong>Coordinador:<\/strong>&nbsp;<a href=\"https:\/\/cvnet.cpd.ua.es\/curriculum-breve\/es\/mateo-perez-miguel-angel\/1748\" data-type=\"URL\" data-id=\"https:\/\/cvnet.cpd.ua.es\/curriculum-breve\/es\/mateo-perez-miguel-angel\/1748\">MATEO P\u00c9REZ, Miguel \u00c1ngel<\/a><\/p>\n\n\n\n<p><strong>Membres:<\/strong><\/p>\n\n\n\n<p><a href=\"https:\/\/cvnet.cpd.ua.es\/curriculum-breve\/ca\/de-lucas-murillo-de-la-cueva-fernando\/370458\">DE LUCAS MURILLO DE LA CUEVA, Fernando<\/a><strong><br><\/strong><a href=\"https:\/\/cvnet.cpd.ua.es\/curriculum-breve\/es\/domenech-lopez-yolanda-de-los-angeles\/5211\" data-type=\"URL\" data-id=\"https:\/\/cvnet.cpd.ua.es\/curriculum-breve\/es\/domenech-lopez-yolanda-de-los-angeles\/5211\">DOMENECH L\u00d3PEZ, Yolanda<\/a><br><a href=\"https:\/\/cvnet.cpd.ua.es\/curriculum-breve\/es\/garcia-garcia-jose-tomas\/5992\" data-type=\"URL\" data-id=\"https:\/\/cvnet.cpd.ua.es\/curriculum-breve\/es\/garcia-garcia-jose-tomas\/5992\">GARC\u00cdA GARC\u00cdA, Jos\u00e9 Tom\u00e1s<\/a><br><a href=\"https:\/\/scholar.google.es\/citations?user=HHANl38AAAAJ&amp;hl=es\" data-type=\"URL\" data-id=\"https:\/\/scholar.google.es\/citations?user=HHANl38AAAAJ&amp;hl=es\">MART\u00cdNEZ ROM\u00c1N, Mar\u00eda Asunci\u00f3n<\/a><\/p>\n\n\n\n<p><a id=\"publicaciones\" href=\"#arriba\"><strong>\u2191 amunt<\/strong><\/a><\/p>\n\n\n\n<p class=\"has-large-font-size\"><strong>\u00daltimes publicacions<\/strong><\/p>\n\n\n\n<p><a href=\"#arriba\"><strong>\u2191 amunt<\/strong><\/a><\/p>\n","protected":false},"excerpt":{"rendered":"<p>L\u00ednies de treball&nbsp;&nbsp;Membres&nbsp;&nbsp;\u00daltimes publicacions&nbsp; L\u00ednies de treball La unitat d&#8217;investigaci\u00f3 \u201cPol\u00edtiques p\u00fabliques i intervenci\u00f3 social\u201d del IUDESP aglutina i desenvolupa les seg\u00fcents l\u00ednies d&#8217;investigaci\u00f3: Desenvolupament, canvi social i Treball Social global Relaci\u00f3 entre l&#8217;Agenda Global per al Treball Social i el Desenvolupament Social i la pr\u00e0ctica professional. Desenvolupament social, drets humans i dignitat humana com [&hellip;]<\/p>\n","protected":false},"author":1,"featured_media":0,"parent":60,"menu_order":5,"comment_status":"closed","ping_status":"closed","template":"","meta":{"footnotes":""},"class_list":["post-110","page","type-page","status-publish","hentry"],"_links":{"self":[{"href":"https:\/\/iudesp.es\/va\/wp-json\/wp\/v2\/pages\/110","targetHints":{"allow":["GET"]}}],"collection":[{"href":"https:\/\/iudesp.es\/va\/wp-json\/wp\/v2\/pages"}],"about":[{"href":"https:\/\/iudesp.es\/va\/wp-json\/wp\/v2\/types\/page"}],"author":[{"embeddable":true,"href":"https:\/\/iudesp.es\/va\/wp-json\/wp\/v2\/users\/1"}],"replies":[{"embeddable":true,"href":"https:\/\/iudesp.es\/va\/wp-json\/wp\/v2\/comments?post=110"}],"version-history":[{"count":6,"href":"https:\/\/iudesp.es\/va\/wp-json\/wp\/v2\/pages\/110\/revisions"}],"predecessor-version":[{"id":738,"href":"https:\/\/iudesp.es\/va\/wp-json\/wp\/v2\/pages\/110\/revisions\/738"}],"up":[{"embeddable":true,"href":"https:\/\/iudesp.es\/va\/wp-json\/wp\/v2\/pages\/60"}],"wp:attachment":[{"href":"https:\/\/iudesp.es\/va\/wp-json\/wp\/v2\/media?parent=110"}],"curies":[{"name":"wp","href":"https:\/\/api.w.org\/{rel}","templated":true}]}}